{"id":9104,"date":"2020-09-26T10:10:27","date_gmt":"2020-09-26T14:10:27","guid":{"rendered":"https:\/\/wholesale.whelkgoods.com\/product\/merino-wool-tuque\/"},"modified":"2025-12-17T18:44:33","modified_gmt":"2025-12-17T23:44:33","slug":"tuque-en-laine-merino","status":"publish","type":"product","link":"https:\/\/wholesale.whelkgoods.com\/fr\/produit\/tuque-en-laine-merino\/","title":{"rendered":"Tuque en m\u00e9lange de laine m\u00e9rinos"},"content":{"rendered":"","protected":false},"excerpt":{"rendered":"<p>IMPORTANT: Ces articles sont fabriqu\u00e9s sur commande, un d\u00e9lai de production de 2 \u00e0 3 semaines peut donc \u00eatre n\u00e9cessaire.<\/p>\n<ul>\n<li>Fabriqu\u00e9 \u00e0 Montr\u00e9al, Qu\u00e9bec<\/li>\n<li>M\u00e9lange de laine m\u00e9rinos : 50% laine m\u00e9rinos, 50% acrylic (OEKO-TEX\u00ae STANDARD 100)<\/li>\n<li>Tricot double \u00e9paisseur<\/li>\n<li>10&Prime; lorsque d\u00e9pli\u00e9e<\/li>\n<li>Unisexe<\/li>\n<\/ul>\n<p>Entretien:<\/p>\n<ul>\n<li>Lavage d\u00e9licat en machine<\/li>\n<li>S\u00e9cher \u00e0 basse temp\u00e9rature<\/li>\n<li>Ne pas repasser<\/li>\n<li>Ne pas utiliser de javellisant<\/li>\n<li>Ne pas utiliser d\u2019assouplissant<\/li>\n<\/ul>\n","protected":false},"featured_media":16809,"template":"","meta":[],"product_cat":[113,227],"product_tag":[],"class_list":{"0":"post-9104","1":"product","2":"type-product","3":"status-publish","4":"has-post-thumbnail","6":"product_cat-tuques-fr","7":"product_cat-chapeaux","9":"first","10":"instock","11":"taxable","12":"shipping-taxable","13":"purchasable","14":"product-type-variable","15":"has-default-attributes"},"_links":{"self":[{"href":"https:\/\/wholesale.whelkgoods.com\/fr\/wp-json\/wp\/v2\/product\/9104"}],"collection":[{"href":"https:\/\/wholesale.whelkgoods.com\/fr\/wp-json\/wp\/v2\/product"}],"about":[{"href":"https:\/\/wholesale.whelkgoods.com\/fr\/wp-json\/wp\/v2\/types\/product"}],"wp:featuredmedia":[{"embeddable":true,"href":"https:\/\/wholesale.whelkgoods.com\/fr\/wp-json\/wp\/v2\/media\/16809"}],"wp:attachment":[{"href":"https:\/\/wholesale.whelkgoods.com\/fr\/wp-json\/wp\/v2\/media?parent=9104"}],"wp:term":[{"taxonomy":"product_cat","embeddable":true,"href":"https:\/\/wholesale.whelkgoods.com\/fr\/wp-json\/wp\/v2\/product_cat?post=9104"},{"taxonomy":"product_tag","embeddable":true,"href":"https:\/\/wholesale.whelkgoods.com\/fr\/wp-json\/wp\/v2\/product_tag?post=9104"}],"curies":[{"name":"wp","href":"https:\/\/api.w.org\/{rel}","templated":true}]}}