{"id":17286,"date":"2025-06-18T16:07:01","date_gmt":"2025-06-18T20:08:47","guid":{"rendered":"https:\/\/wholesale.whelkgoods.com\/?post_type=product&#038;p=17286"},"modified":"2025-06-18T16:21:36","modified_gmt":"2025-06-18T20:21:36","slug":"kit-de-demonstration-blutech","status":"publish","type":"product","link":"https:\/\/wholesale.whelkgoods.com\/fr\/produit\/kit-de-demonstration-blutech\/","title":{"rendered":"Kit de d\u00e9monstration Blutech"},"content":{"rendered":"","protected":false},"excerpt":{"rendered":"<p data-start=\"141\" data-end=\"186\">D\u00e9couvrez le c\u0153ur de notre casquette durable.<\/p>\n<p data-start=\"188\" data-end=\"205\">Ce kit comprend\u202f:<\/p>\n<ul data-start=\"207\" data-end=\"383\">\n<li data-start=\"207\" data-end=\"297\">\n<p data-start=\"209\" data-end=\"297\">1x visi\u00e8re Blutech \u2013 la m\u00eame visi\u00e8re souple et r\u00e9sistante utilis\u00e9e dans nos casquettes<\/p>\n<\/li>\n<li data-start=\"298\" data-end=\"383\">\n<p data-start=\"300\" data-end=\"383\">1x fiole de Blutech \u2013 la technologie qui acc\u00e9l\u00e8re la biod\u00e9gradation de nos visi\u00e8res<\/p>\n<\/li>\n<\/ul>\n<p data-start=\"385\" data-end=\"787\">Blutech, c\u2019est ce qui distingue nos casquettes\u202f: aussi r\u00e9sistante que du plastique, cette mati\u00e8re est con\u00e7ue pour se d\u00e9grader naturellement dans des conditions similaires \u00e0 celles d\u2019un site d\u2019enfouissement, r\u00e9duisant ainsi les d\u00e9chets plastiques \u00e0 long terme. Id\u00e9al pour les repr\u00e9sentants, le personnel de vente ou toute personne curieuse de comprendre la technologie derri\u00e8re notre engagement durable.<\/p>\n","protected":false},"featured_media":17289,"template":"","meta":[],"product_cat":[144],"product_tag":[],"class_list":{"0":"post-17286","1":"product","2":"type-product","3":"status-publish","4":"has-post-thumbnail","6":"product_cat-uncategorized-fr","8":"first","9":"instock","10":"taxable","11":"shipping-taxable","12":"purchasable","13":"product-type-simple"},"_links":{"self":[{"href":"https:\/\/wholesale.whelkgoods.com\/fr\/wp-json\/wp\/v2\/product\/17286"}],"collection":[{"href":"https:\/\/wholesale.whelkgoods.com\/fr\/wp-json\/wp\/v2\/product"}],"about":[{"href":"https:\/\/wholesale.whelkgoods.com\/fr\/wp-json\/wp\/v2\/types\/product"}],"wp:featuredmedia":[{"embeddable":true,"href":"https:\/\/wholesale.whelkgoods.com\/fr\/wp-json\/wp\/v2\/media\/17289"}],"wp:attachment":[{"href":"https:\/\/wholesale.whelkgoods.com\/fr\/wp-json\/wp\/v2\/media?parent=17286"}],"wp:term":[{"taxonomy":"product_cat","embeddable":true,"href":"https:\/\/wholesale.whelkgoods.com\/fr\/wp-json\/wp\/v2\/product_cat?post=17286"},{"taxonomy":"product_tag","embeddable":true,"href":"https:\/\/wholesale.whelkgoods.com\/fr\/wp-json\/wp\/v2\/product_tag?post=17286"}],"curies":[{"name":"wp","href":"https:\/\/api.w.org\/{rel}","templated":true}]}}