{"id":13782,"date":"2023-03-07T20:31:45","date_gmt":"2023-03-23T02:27:21","guid":{"rendered":"https:\/\/wholesale.whelkgoods.com\/?post_type=product&#038;p=13782"},"modified":"2024-07-24T14:52:16","modified_gmt":"2024-07-24T18:52:16","slug":"pochette-du-cycliste","status":"publish","type":"product","link":"https:\/\/wholesale.whelkgoods.com\/fr\/produit\/pochette-du-cycliste\/","title":{"rendered":"Pochette recycl\u00e9e"},"content":{"rendered":"","protected":false},"excerpt":{"rendered":"<ul>\n<li>Fabriqu\u00e9e au Qu\u00e9bec, Canada<\/li>\n<li>R\u00e9sistante \u00e0 l&rsquo;eau pour prot\u00e9ger votre t\u00e9l\u00e9phone et d&rsquo;autres petits objets essentiels contre les intemp\u00e9ries<\/li>\n<li>Boucle pour attacher votre pochette \u00e0 un mousqueton<\/li>\n<li>Fabriqu\u00e9e avec des chambres \u00e0 air de v\u00e9lo recycl\u00e9es<\/li>\n<li>18,5 x 11 cm &#8211; compatible avec tous les iPhones jusqu&rsquo;\u00e0 l&rsquo;iPhone 15 Pro Max<\/li>\n<li>Fermeture \u00e0 glissi\u00e8re YKK n\u00b04<\/li>\n<li>Boucle de paracorde en nylon<\/li>\n<li>Doublure en nylon color\u00e9<\/li>\n<\/ul>\n<p>Nous utilisons des chambres \u00e0 air de v\u00e9lo pour rendre l&rsquo;ext\u00e9rieur de la pochette r\u00e9sistante \u00e0 l&rsquo;eau. L&rsquo;int\u00e9rieur est doubl\u00e9 d&rsquo;un tissu doux et l\u00e9ger pour lui donner une belle finition. Nous produisons ces pochettes en petits lots, en utilisant uniquement des chambres \u00e0 air crev\u00e9es que nous r\u00e9cup\u00e9rons aupr\u00e8s de magasins de v\u00e9los et de centres de r\u00e9paration locaux. Bien qu&rsquo;il s&rsquo;agisse d&rsquo;un processus laborieux, cela vaut la peine de savoir que nous contribuons \u00e0 r\u00e9duire nos d\u00e9chets et \u00e0 lutter contre le changement climatique.<\/p>\n","protected":false},"featured_media":13781,"template":"","meta":[],"product_cat":[224],"product_tag":[],"class_list":{"0":"post-13782","1":"product","2":"type-product","3":"status-publish","4":"has-post-thumbnail","6":"product_cat-autres-produits","8":"first","9":"instock","10":"taxable","11":"shipping-taxable","12":"purchasable","13":"product-type-variable","14":"has-default-attributes"},"_links":{"self":[{"href":"https:\/\/wholesale.whelkgoods.com\/fr\/wp-json\/wp\/v2\/product\/13782"}],"collection":[{"href":"https:\/\/wholesale.whelkgoods.com\/fr\/wp-json\/wp\/v2\/product"}],"about":[{"href":"https:\/\/wholesale.whelkgoods.com\/fr\/wp-json\/wp\/v2\/types\/product"}],"wp:featuredmedia":[{"embeddable":true,"href":"https:\/\/wholesale.whelkgoods.com\/fr\/wp-json\/wp\/v2\/media\/13781"}],"wp:attachment":[{"href":"https:\/\/wholesale.whelkgoods.com\/fr\/wp-json\/wp\/v2\/media?parent=13782"}],"wp:term":[{"taxonomy":"product_cat","embeddable":true,"href":"https:\/\/wholesale.whelkgoods.com\/fr\/wp-json\/wp\/v2\/product_cat?post=13782"},{"taxonomy":"product_tag","embeddable":true,"href":"https:\/\/wholesale.whelkgoods.com\/fr\/wp-json\/wp\/v2\/product_tag?post=13782"}],"curies":[{"name":"wp","href":"https:\/\/api.w.org\/{rel}","templated":true}]}}