{"id":780,"date":"2019-07-28T13:30:09","date_gmt":"2019-07-28T17:30:09","guid":{"rendered":"https:\/\/wholesale.whelkgoods.com\/?page_id=780"},"modified":"2024-07-16T12:07:00","modified_gmt":"2024-07-16T16:07:00","slug":"a-propos","status":"publish","type":"page","link":"https:\/\/wholesale.whelkgoods.com\/fr\/a-propos\/","title":{"rendered":"\u00c0 propos de Whelk"},"content":{"rendered":"\t\t<div data-elementor-type=\"wp-post\" data-elementor-id=\"780\" class=\"elementor elementor-780 elementor-2\" data-elementor-post-type=\"page\">\n\t\t\t\t\t\t<section class=\"elementor-section elementor-top-section elementor-element elementor-element-70f155c1 elementor-reverse-tablet elementor-section-boxed elementor-section-height-default elementor-section-height-default\" data-id=\"70f155c1\" data-element_type=\"section\">\n\t\t\t\t\t\t<div class=\"elementor-container elementor-column-gap-default\">\n\t\t\t\t\t<div class=\"elementor-column elementor-col-50 elementor-top-column elementor-element elementor-element-47b51cdc\" data-id=\"47b51cdc\" data-element_type=\"column\">\n\t\t\t<div class=\"elementor-widget-wrap elementor-element-populated\">\n\t\t\t\t\t\t<div class=\"elementor-element elementor-element-43f5b740 elementor-widget elementor-widget-image\" data-id=\"43f5b740\" data-element_type=\"widget\" data-widget_type=\"image.default\">\n\t\t\t\t<div class=\"elementor-widget-container\">\n\t\t\t\t\t\t\t\t\t\t<figure class=\"wp-caption\">\n\t\t\t\t\t\t\t\t\t\t<img fetchpriority=\"high\" decoding=\"async\" width=\"1000\" height=\"1000\" src=\"https:\/\/wholesale.whelkgoods.com\/wp-content\/uploads\/2022\/10\/Canoe-British-Colombia-CapTen.jpeg\" class=\"attachment-large size-large wp-image-12854\" alt=\"\" srcset=\"https:\/\/wholesale.whelkgoods.com\/wp-content\/uploads\/2022\/10\/Canoe-British-Colombia-CapTen.jpeg 1000w, https:\/\/wholesale.whelkgoods.com\/wp-content\/uploads\/2022\/10\/Canoe-British-Colombia-CapTen-300x300.jpeg 300w, https:\/\/wholesale.whelkgoods.com\/wp-content\/uploads\/2022\/10\/Canoe-British-Colombia-CapTen-150x150.jpeg 150w, https:\/\/wholesale.whelkgoods.com\/wp-content\/uploads\/2022\/10\/Canoe-British-Colombia-CapTen-768x768.jpeg 768w, https:\/\/wholesale.whelkgoods.com\/wp-content\/uploads\/2022\/10\/Canoe-British-Colombia-CapTen-600x600.jpeg 600w, https:\/\/wholesale.whelkgoods.com\/wp-content\/uploads\/2022\/10\/Canoe-British-Colombia-CapTen-100x100.jpeg 100w\" sizes=\"(max-width: 1000px) 100vw, 1000px\" \/>\t\t\t\t\t\t\t\t\t\t\t<figcaption class=\"widget-image-caption wp-caption-text\">Lac \u00c9meraude au Canada @Guidage<\/figcaption>\n\t\t\t\t\t\t\t\t\t\t<\/figure>\n\t\t\t\t\t\t\t<\/div>\n\t\t\t\t<\/div>\n\t\t\t\t\t<\/div>\n\t\t<\/div>\n\t\t\t\t<div class=\"elementor-column elementor-col-50 elementor-top-column elementor-element elementor-element-6f713996\" data-id=\"6f713996\" data-element_type=\"column\">\n\t\t\t<div class=\"elementor-widget-wrap elementor-element-populated\">\n\t\t\t\t\t\t<div class=\"elementor-element elementor-element-50605e54 elementor-widget elementor-widget-heading\" data-id=\"50605e54\" data-element_type=\"widget\" data-widget_type=\"heading.default\">\n\t\t\t\t<div class=\"elementor-widget-container\">\n\t\t\t<h2 class=\"elementor-heading-title elementor-size-default\">Une mar\u00e9e changeante<\/h2>\t\t<\/div>\n\t\t\t\t<\/div>\n\t\t\t\t<div class=\"elementor-element elementor-element-368277eb elementor-widget elementor-widget-text-editor\" data-id=\"368277eb\" data-element_type=\"widget\" data-widget_type=\"text-editor.default\">\n\t\t\t\t<div class=\"elementor-widget-container\">\n\t\t\t\t\t\t\t<p>Au d\u00e9part, notre objectif \u00e9tait simple : fabriquer une casquette plus \u00e9cologique. Nous voulions offrir un accessoire symbolique qui puisse \u00eatre port\u00e9 de mani\u00e8re d\u00e9contract\u00e9e par n&rsquo;importe qui, quel que soit son sexe ou sa taille. Nous continuons \u00e0 promouvoir cette philosophie en d\u00e9veloppant de nouveaux produits.<\/p>\t\t\t\t\t\t<\/div>\n\t\t\t\t<\/div>\n\t\t\t\t\t<\/div>\n\t\t<\/div>\n\t\t\t\t\t<\/div>\n\t\t<\/section>\n\t\t\t\t<section class=\"elementor-section elementor-top-section elementor-element elementor-element-4c3c18f4 elementor-section-boxed elementor-section-height-default elementor-section-height-default\" data-id=\"4c3c18f4\" data-element_type=\"section\">\n\t\t\t\t\t\t<div class=\"elementor-container elementor-column-gap-default\">\n\t\t\t\t\t<div class=\"elementor-column elementor-col-50 elementor-top-column elementor-element elementor-element-f29f352\" data-id=\"f29f352\" data-element_type=\"column\">\n\t\t\t<div class=\"elementor-widget-wrap elementor-element-populated\">\n\t\t\t\t\t\t<div class=\"elementor-element elementor-element-3ffb5b8 elementor-widget elementor-widget-heading\" data-id=\"3ffb5b8\" data-element_type=\"widget\" data-widget_type=\"heading.default\">\n\t\t\t\t<div class=\"elementor-widget-container\">\n\t\t\t<h4 class=\"elementor-heading-title elementor-size-large\">Notre ADN<\/h4>\t\t<\/div>\n\t\t\t\t<\/div>\n\t\t\t\t<section class=\"elementor-section elementor-inner-section elementor-element elementor-element-76ea728e elementor-section-boxed elementor-section-height-default elementor-section-height-default\" data-id=\"76ea728e\" data-element_type=\"section\">\n\t\t\t\t\t\t<div class=\"elementor-container elementor-column-gap-default\">\n\t\t\t\t\t<div class=\"elementor-column elementor-col-50 elementor-inner-column elementor-element elementor-element-653d86b1\" data-id=\"653d86b1\" data-element_type=\"column\">\n\t\t\t<div class=\"elementor-widget-wrap elementor-element-populated\">\n\t\t\t\t\t\t<div class=\"elementor-element elementor-element-2c6452b0 elementor-widget elementor-widget-heading\" data-id=\"2c6452b0\" data-element_type=\"widget\" data-widget_type=\"heading.default\">\n\t\t\t\t<div class=\"elementor-widget-container\">\n\t\t\t<h6 class=\"elementor-heading-title elementor-size-default\">Durabilit\u00e9<\/h6>\t\t<\/div>\n\t\t\t\t<\/div>\n\t\t\t\t<div class=\"elementor-element elementor-element-52280afd elementor-widget elementor-widget-text-editor\" data-id=\"52280afd\" data-element_type=\"widget\" data-widget_type=\"text-editor.default\">\n\t\t\t\t<div class=\"elementor-widget-container\">\n\t\t\t\t\t\t\tNous analysons chaque d\u00e9tail, \u00e0 la recherche de moyens d&rsquo;am\u00e9lioration. Nous voulons simplement faire ce qu&rsquo;il y a de mieux pour les gens et la plan\u00e8te.\t\t\t\t\t\t<\/div>\n\t\t\t\t<\/div>\n\t\t\t\t\t<\/div>\n\t\t<\/div>\n\t\t\t\t<div class=\"elementor-column elementor-col-50 elementor-inner-column elementor-element elementor-element-6e34aee8\" data-id=\"6e34aee8\" data-element_type=\"column\">\n\t\t\t<div class=\"elementor-widget-wrap elementor-element-populated\">\n\t\t\t\t\t\t<div class=\"elementor-element elementor-element-2f6d87d1 elementor-widget elementor-widget-heading\" data-id=\"2f6d87d1\" data-element_type=\"widget\" data-widget_type=\"heading.default\">\n\t\t\t\t<div class=\"elementor-widget-container\">\n\t\t\t<h6 class=\"elementor-heading-title elementor-size-default\">Aventure<\/h6>\t\t<\/div>\n\t\t\t\t<\/div>\n\t\t\t\t<div class=\"elementor-element elementor-element-5311be9c elementor-widget elementor-widget-text-editor\" data-id=\"5311be9c\" data-element_type=\"widget\" data-widget_type=\"text-editor.default\">\n\t\t\t\t<div class=\"elementor-widget-container\">\n\t\t\t\t\t\t\t\u00c0 travers tous les hauts et les bas, notre objectif est d\u2019apprendre de cette aventure et de sensibiliser les autres au sujet de notre cause.\t\t\t\t\t\t<\/div>\n\t\t\t\t<\/div>\n\t\t\t\t\t<\/div>\n\t\t<\/div>\n\t\t\t\t\t<\/div>\n\t\t<\/section>\n\t\t\t\t<section class=\"elementor-section elementor-inner-section elementor-element elementor-element-16f24d11 elementor-section-boxed elementor-section-height-default elementor-section-height-default\" data-id=\"16f24d11\" data-element_type=\"section\">\n\t\t\t\t\t\t<div class=\"elementor-container elementor-column-gap-default\">\n\t\t\t\t\t<div class=\"elementor-column elementor-col-50 elementor-inner-column elementor-element elementor-element-2a28669f\" data-id=\"2a28669f\" data-element_type=\"column\">\n\t\t\t<div class=\"elementor-widget-wrap elementor-element-populated\">\n\t\t\t\t\t\t<div class=\"elementor-element elementor-element-28f325cc elementor-widget elementor-widget-heading\" data-id=\"28f325cc\" data-element_type=\"widget\" data-widget_type=\"heading.default\">\n\t\t\t\t<div class=\"elementor-widget-container\">\n\t\t\t<h6 class=\"elementor-heading-title elementor-size-default\">Transparence<\/h6>\t\t<\/div>\n\t\t\t\t<\/div>\n\t\t\t\t<div class=\"elementor-element elementor-element-3ec259ae elementor-widget elementor-widget-text-editor\" data-id=\"3ec259ae\" data-element_type=\"widget\" data-widget_type=\"text-editor.default\">\n\t\t\t\t<div class=\"elementor-widget-container\">\n\t\t\t\t\t\t\t<p>Nous valorisons l\u2019honn\u00eatet\u00e9 parmi les membres de notre \u00e9quipe, avec nos fournisseurs et notre communaut\u00e9.<\/p>\t\t\t\t\t\t<\/div>\n\t\t\t\t<\/div>\n\t\t\t\t\t<\/div>\n\t\t<\/div>\n\t\t\t\t<div class=\"elementor-column elementor-col-50 elementor-inner-column elementor-element elementor-element-4217f7ea\" data-id=\"4217f7ea\" data-element_type=\"column\">\n\t\t\t<div class=\"elementor-widget-wrap elementor-element-populated\">\n\t\t\t\t\t\t<div class=\"elementor-element elementor-element-3e9672a9 elementor-widget elementor-widget-heading\" data-id=\"3e9672a9\" data-element_type=\"widget\" data-widget_type=\"heading.default\">\n\t\t\t\t<div class=\"elementor-widget-container\">\n\t\t\t<h6 class=\"elementor-heading-title elementor-size-default\">Cr\u00e9ativit\u00e9<\/h6>\t\t<\/div>\n\t\t\t\t<\/div>\n\t\t\t\t<div class=\"elementor-element elementor-element-39867a36 elementor-widget elementor-widget-text-editor\" data-id=\"39867a36\" data-element_type=\"widget\" data-widget_type=\"text-editor.default\">\n\t\t\t\t<div class=\"elementor-widget-container\">\n\t\t\t\t\t\t\tNous laissons l\u2019esprit libre pour cr\u00e9er une communaut\u00e9 inspirante aliment\u00e9e par notre passion pour la nature.\t\t\t\t\t\t<\/div>\n\t\t\t\t<\/div>\n\t\t\t\t\t<\/div>\n\t\t<\/div>\n\t\t\t\t\t<\/div>\n\t\t<\/section>\n\t\t\t\t\t<\/div>\n\t\t<\/div>\n\t\t\t\t<div class=\"elementor-column elementor-col-50 elementor-top-column elementor-element elementor-element-13d336cf\" data-id=\"13d336cf\" data-element_type=\"column\">\n\t\t\t<div class=\"elementor-widget-wrap elementor-element-populated\">\n\t\t\t\t\t\t<div class=\"elementor-element elementor-element-69795086 elementor-widget elementor-widget-image\" data-id=\"69795086\" data-element_type=\"widget\" data-widget_type=\"image.default\">\n\t\t\t\t<div class=\"elementor-widget-container\">\n\t\t\t\t\t\t\t\t\t\t<figure class=\"wp-caption\">\n\t\t\t\t\t\t\t\t\t\t<img decoding=\"async\" width=\"1000\" height=\"1000\" src=\"https:\/\/wholesale.whelkgoods.com\/wp-content\/uploads\/2023\/01\/CapTen-in-Madere-Portugal.jpg\" class=\"attachment-full size-full wp-image-13421\" alt=\"\" srcset=\"https:\/\/wholesale.whelkgoods.com\/wp-content\/uploads\/2023\/01\/CapTen-in-Madere-Portugal.jpg 1000w, https:\/\/wholesale.whelkgoods.com\/wp-content\/uploads\/2023\/01\/CapTen-in-Madere-Portugal-300x300.jpg 300w, https:\/\/wholesale.whelkgoods.com\/wp-content\/uploads\/2023\/01\/CapTen-in-Madere-Portugal-150x150.jpg 150w, https:\/\/wholesale.whelkgoods.com\/wp-content\/uploads\/2023\/01\/CapTen-in-Madere-Portugal-768x768.jpg 768w, https:\/\/wholesale.whelkgoods.com\/wp-content\/uploads\/2023\/01\/CapTen-in-Madere-Portugal-600x600.jpg 600w, https:\/\/wholesale.whelkgoods.com\/wp-content\/uploads\/2023\/01\/CapTen-in-Madere-Portugal-100x100.jpg 100w\" sizes=\"(max-width: 1000px) 100vw, 1000px\" \/>\t\t\t\t\t\t\t\t\t\t\t<figcaption class=\"widget-image-caption wp-caption-text\">Madeira au Portugal @VinceMoPhoto<\/figcaption>\n\t\t\t\t\t\t\t\t\t\t<\/figure>\n\t\t\t\t\t\t\t<\/div>\n\t\t\t\t<\/div>\n\t\t\t\t\t<\/div>\n\t\t<\/div>\n\t\t\t\t\t<\/div>\n\t\t<\/section>\n\t\t\t\t<section class=\"elementor-section elementor-top-section elementor-element elementor-element-5e6ef5b0 elementor-section-boxed elementor-section-height-default elementor-section-height-default\" data-id=\"5e6ef5b0\" data-element_type=\"section\">\n\t\t\t\t\t\t<div class=\"elementor-container elementor-column-gap-default\">\n\t\t\t\t\t<div class=\"elementor-column elementor-col-50 elementor-top-column elementor-element elementor-element-2b64b531\" data-id=\"2b64b531\" data-element_type=\"column\" data-settings=\"{&quot;background_background&quot;:&quot;classic&quot;}\">\n\t\t\t<div class=\"elementor-widget-wrap elementor-element-populated\">\n\t\t\t\t\t\t<div class=\"elementor-element elementor-element-068d443 elementor-widget elementor-widget-heading\" data-id=\"068d443\" data-element_type=\"widget\" data-widget_type=\"heading.default\">\n\t\t\t\t<div class=\"elementor-widget-container\">\n\t\t\t<h4 class=\"elementor-heading-title elementor-size-default\">Dites adieu \u00e0 l'\u00e9coblanchiment<\/h4>\t\t<\/div>\n\t\t\t\t<\/div>\n\t\t\t\t<div class=\"elementor-element elementor-element-145c0a25 elementor-align-center elementor-widget elementor-widget-button\" data-id=\"145c0a25\" data-element_type=\"widget\" data-widget_type=\"button.default\">\n\t\t\t\t<div class=\"elementor-widget-container\">\n\t\t\t\t\t<div class=\"elementor-button-wrapper\">\n\t\t\t<a class=\"elementor-button elementor-button-link elementor-size-md\" href=\"https:\/\/wholesale.whelkgoods.com\/fr\/dites-adieu-a-lecoblanchiment\/\">\n\t\t\t\t\t\t<span class=\"elementor-button-content-wrapper\">\n\t\t\t\t\t\t\t\t\t<span class=\"elementor-button-text\">Lire notre manifesto<\/span>\n\t\t\t\t\t<\/span>\n\t\t\t\t\t<\/a>\n\t\t<\/div>\n\t\t\t\t<\/div>\n\t\t\t\t<\/div>\n\t\t\t\t\t<\/div>\n\t\t<\/div>\n\t\t\t\t<div class=\"elementor-column elementor-col-50 elementor-top-column elementor-element elementor-element-5beef034\" data-id=\"5beef034\" data-element_type=\"column\" data-settings=\"{&quot;background_background&quot;:&quot;classic&quot;}\">\n\t\t\t<div class=\"elementor-widget-wrap elementor-element-populated\">\n\t\t\t\t\t\t<div class=\"elementor-element elementor-element-6a5439f elementor-widget elementor-widget-heading\" data-id=\"6a5439f\" data-element_type=\"widget\" data-widget_type=\"heading.default\">\n\t\t\t\t<div class=\"elementor-widget-container\">\n\t\t\t<h4 class=\"elementor-heading-title elementor-size-default\">Visi\u00e8re Blutech<\/h4>\t\t<\/div>\n\t\t\t\t<\/div>\n\t\t\t\t<div class=\"elementor-element elementor-element-24bf05c5 elementor-align-center elementor-widget elementor-widget-button\" data-id=\"24bf05c5\" data-element_type=\"widget\" data-widget_type=\"button.default\">\n\t\t\t\t<div class=\"elementor-widget-container\">\n\t\t\t\t\t<div class=\"elementor-button-wrapper\">\n\t\t\t<a class=\"elementor-button elementor-button-link elementor-size-md\" href=\"https:\/\/wholesale.whelkgoods.com\/fr\/technologie-blutech\/\">\n\t\t\t\t\t\t<span class=\"elementor-button-content-wrapper\">\n\t\t\t\t\t\t\t\t\t<span class=\"elementor-button-text\">D\u00e9couvrir l'innovation<\/span>\n\t\t\t\t\t<\/span>\n\t\t\t\t\t<\/a>\n\t\t<\/div>\n\t\t\t\t<\/div>\n\t\t\t\t<\/div>\n\t\t\t\t\t<\/div>\n\t\t<\/div>\n\t\t\t\t\t<\/div>\n\t\t<\/section>\n\t\t\t\t<\/div>\n\t\t","protected":false},"excerpt":{"rendered":"<p>Lac \u00c9meraude au Canada @Guidage Une mar\u00e9e changeante Au d\u00e9part, notre objectif \u00e9tait simple : fabriquer une casquette plus \u00e9cologique. Nous voulions offrir un accessoire symbolique qui puisse \u00eatre port\u00e9 de mani\u00e8re d\u00e9contract\u00e9e par n&rsquo;importe qui, quel que soit son sexe ou sa taille. Nous continuons \u00e0 promouvoir cette philosophie en d\u00e9veloppant de nouveaux produits. Notre ADN Durabilit\u00e9 Nous analysons chaque d\u00e9tail, \u00e0 la recherche de moyens d&rsquo;am\u00e9lioration. Nous voulons simplement faire ce qu&rsquo;il y a de mieux pour les gens et la plan\u00e8te. Aventure \u00c0 travers tous les hauts et les bas, notre objectif est d\u2019apprendre de cette aventure&#8230;<\/p>\n","protected":false},"author":12,"featured_media":0,"parent":0,"menu_order":0,"comment_status":"closed","ping_status":"closed","template":"elementor_header_footer","meta":{"footnotes":""},"class_list":["post-780","page","type-page","status-publish","hentry"],"_links":{"self":[{"href":"https:\/\/wholesale.whelkgoods.com\/fr\/wp-json\/wp\/v2\/pages\/780"}],"collection":[{"href":"https:\/\/wholesale.whelkgoods.com\/fr\/wp-json\/wp\/v2\/pages"}],"about":[{"href":"https:\/\/wholesale.whelkgoods.com\/fr\/wp-json\/wp\/v2\/types\/page"}],"author":[{"embeddable":true,"href":"https:\/\/wholesale.whelkgoods.com\/fr\/wp-json\/wp\/v2\/users\/12"}],"replies":[{"embeddable":true,"href":"https:\/\/wholesale.whelkgoods.com\/fr\/wp-json\/wp\/v2\/comments?post=780"}],"version-history":[{"count":74,"href":"https:\/\/wholesale.whelkgoods.com\/fr\/wp-json\/wp\/v2\/pages\/780\/revisions"}],"predecessor-version":[{"id":16504,"href":"https:\/\/wholesale.whelkgoods.com\/fr\/wp-json\/wp\/v2\/pages\/780\/revisions\/16504"}],"wp:attachment":[{"href":"https:\/\/wholesale.whelkgoods.com\/fr\/wp-json\/wp\/v2\/media?parent=780"}],"curies":[{"name":"wp","href":"https:\/\/api.w.org\/{rel}","templated":true}]}}