{"id":743,"date":"2019-07-28T11:36:07","date_gmt":"2019-07-28T15:36:07","guid":{"rendered":"https:\/\/wholesale.whelkgoods.com\/?page_id=743"},"modified":"2025-06-09T15:48:01","modified_gmt":"2025-06-09T19:48:01","slug":"accueil","status":"publish","type":"page","link":"https:\/\/wholesale.whelkgoods.com\/fr\/","title":{"rendered":"Accueil"},"content":{"rendered":"\t\t<div data-elementor-type=\"wp-post\" data-elementor-id=\"743\" class=\"elementor elementor-743 elementor-255\" data-elementor-post-type=\"page\">\n\t\t\t\t\t\t<section class=\"elementor-section elementor-top-section elementor-element elementor-element-0441810 elementor-reverse-mobile elementor-section-boxed elementor-section-height-default elementor-section-height-default\" data-id=\"0441810\" data-element_type=\"section\" data-settings=\"{&quot;background_background&quot;:&quot;classic&quot;}\">\n\t\t\t\t\t\t<div class=\"elementor-container elementor-column-gap-default\">\n\t\t\t\t\t<div class=\"elementor-column elementor-col-50 elementor-top-column elementor-element elementor-element-1ecbf54\" data-id=\"1ecbf54\" data-element_type=\"column\">\n\t\t\t<div class=\"elementor-widget-wrap elementor-element-populated\">\n\t\t\t\t\t\t<div class=\"elementor-element elementor-element-1b360790 elementor-widget elementor-widget-heading\" data-id=\"1b360790\" data-element_type=\"widget\" data-widget_type=\"heading.default\">\n\t\t\t\t<div class=\"elementor-widget-container\">\n\t\t\t<h3 class=\"elementor-heading-title elementor-size-default\">Le d\u00e9veloppement durable<br>est plus qu'un <i>buzzword<\/i><\/h3>\t\t<\/div>\n\t\t\t\t<\/div>\n\t\t\t\t<div class=\"elementor-element elementor-element-a95d183 elementor-widget elementor-widget-text-editor\" data-id=\"a95d183\" data-element_type=\"widget\" data-widget_type=\"text-editor.default\">\n\t\t\t\t<div class=\"elementor-widget-container\">\n\t\t\t\t\t\t\t<p>Nos casquettes se distinguent grace \u00e0 la visi\u00e8re Blutech &#8211; la premi\u00e8re visi\u00e8re durable et biod\u00e9gradable.<\/p>\t\t\t\t\t\t<\/div>\n\t\t\t\t<\/div>\n\t\t\t\t<div class=\"elementor-element elementor-element-44b7faaf elementor-align-center elementor-widget elementor-widget-button\" data-id=\"44b7faaf\" data-element_type=\"widget\" data-widget_type=\"button.default\">\n\t\t\t\t<div class=\"elementor-widget-container\">\n\t\t\t\t\t<div class=\"elementor-button-wrapper\">\n\t\t\t<a class=\"elementor-button elementor-button-link elementor-size-sm\" href=\"https:\/\/wholesale.whelkgoods.com\/fr\/categorie-produit\/casquettes-blutech\/\">\n\t\t\t\t\t\t<span class=\"elementor-button-content-wrapper\">\n\t\t\t\t\t\t\t\t\t<span class=\"elementor-button-text\">D\u00e9couvrir nos mod\u00e8les<\/span>\n\t\t\t\t\t<\/span>\n\t\t\t\t\t<\/a>\n\t\t<\/div>\n\t\t\t\t<\/div>\n\t\t\t\t<\/div>\n\t\t\t\t\t<\/div>\n\t\t<\/div>\n\t\t\t\t<div class=\"elementor-column elementor-col-50 elementor-top-column elementor-element elementor-element-8eb5806\" data-id=\"8eb5806\" data-element_type=\"column\">\n\t\t\t<div class=\"elementor-widget-wrap elementor-element-populated\">\n\t\t\t\t\t\t<div class=\"elementor-element elementor-element-04e7e93 elementor-widget elementor-widget-image\" data-id=\"04e7e93\" data-element_type=\"widget\" data-widget_type=\"image.default\">\n\t\t\t\t<div class=\"elementor-widget-container\">\n\t\t\t\t\t\t\t\t\t\t\t\t\t<img fetchpriority=\"high\" decoding=\"async\" width=\"600\" height=\"600\" src=\"https:\/\/wholesale.whelkgoods.com\/wp-content\/uploads\/2025\/05\/Dad-hat-and-trucker-sample-kit-1-1-600x600.png\" class=\"attachment-woocommerce_thumbnail size-woocommerce_thumbnail wp-image-17218\" alt=\"\" srcset=\"https:\/\/wholesale.whelkgoods.com\/wp-content\/uploads\/2025\/05\/Dad-hat-and-trucker-sample-kit-1-1-600x600.png 600w, https:\/\/wholesale.whelkgoods.com\/wp-content\/uploads\/2025\/05\/Dad-hat-and-trucker-sample-kit-1-1-300x300.png 300w, https:\/\/wholesale.whelkgoods.com\/wp-content\/uploads\/2025\/05\/Dad-hat-and-trucker-sample-kit-1-1-150x150.png 150w, https:\/\/wholesale.whelkgoods.com\/wp-content\/uploads\/2025\/05\/Dad-hat-and-trucker-sample-kit-1-1-768x768.png 768w, https:\/\/wholesale.whelkgoods.com\/wp-content\/uploads\/2025\/05\/Dad-hat-and-trucker-sample-kit-1-1-100x100.png 100w, https:\/\/wholesale.whelkgoods.com\/wp-content\/uploads\/2025\/05\/Dad-hat-and-trucker-sample-kit-1-1.png 1000w\" sizes=\"(max-width: 600px) 100vw, 600px\" \/>\t\t\t\t\t\t\t\t\t\t\t\t\t<\/div>\n\t\t\t\t<\/div>\n\t\t\t\t\t<\/div>\n\t\t<\/div>\n\t\t\t\t\t<\/div>\n\t\t<\/section>\n\t\t\t\t<section class=\"elementor-section elementor-top-section elementor-element elementor-element-0dd7069 elementor-section-boxed elementor-section-height-default elementor-section-height-default\" data-id=\"0dd7069\" data-element_type=\"section\" data-settings=\"{&quot;background_background&quot;:&quot;classic&quot;}\">\n\t\t\t\t\t\t<div class=\"elementor-container elementor-column-gap-default\">\n\t\t\t\t\t<div class=\"elementor-column elementor-col-50 elementor-top-column elementor-element elementor-element-f374035\" data-id=\"f374035\" data-element_type=\"column\">\n\t\t\t<div class=\"elementor-widget-wrap elementor-element-populated\">\n\t\t\t\t\t\t<div class=\"elementor-element elementor-element-a1d466b elementor-widget elementor-widget-heading\" data-id=\"a1d466b\" data-element_type=\"widget\" data-widget_type=\"heading.default\">\n\t\t\t\t<div class=\"elementor-widget-container\">\n\t\t\t<h3 class=\"elementor-heading-title elementor-size-default\">Soyez \u00e0 l'aff\u00fbt de nouveaux produits:<\/h3>\t\t<\/div>\n\t\t\t\t<\/div>\n\t\t\t\t\t<\/div>\n\t\t<\/div>\n\t\t\t\t<div class=\"elementor-column elementor-col-50 elementor-top-column elementor-element elementor-element-77bec04\" data-id=\"77bec04\" data-element_type=\"column\">\n\t\t\t<div class=\"elementor-widget-wrap elementor-element-populated\">\n\t\t\t\t\t\t<div class=\"elementor-element elementor-element-d3f8b20 elementor-button-align-stretch elementor-widget elementor-widget-form\" data-id=\"d3f8b20\" data-element_type=\"widget\" data-settings=\"{&quot;button_width&quot;:&quot;30&quot;,&quot;step_next_label&quot;:&quot;Next&quot;,&quot;step_previous_label&quot;:&quot;Previous&quot;,&quot;button_width_tablet&quot;:&quot;100&quot;,&quot;step_type&quot;:&quot;number_text&quot;,&quot;step_icon_shape&quot;:&quot;circle&quot;}\" data-widget_type=\"form.default\">\n\t\t\t\t<div class=\"elementor-widget-container\">\n\t\t\t\t\t<form class=\"elementor-form\" method=\"post\" name=\"B2B Signup FR\">\n\t\t\t<input type=\"hidden\" name=\"post_id\" value=\"743\"\/>\n\t\t\t<input type=\"hidden\" name=\"form_id\" value=\"d3f8b20\"\/>\n\t\t\t<input type=\"hidden\" name=\"referer_title\" value=\"\" \/>\n\n\t\t\t\n\t\t\t<div class=\"elementor-form-fields-wrapper elementor-labels-\">\n\t\t\t\t\t\t\t\t<div class=\"elementor-field-type-email elementor-field-group elementor-column elementor-field-group-email elementor-col-50 elementor-md-100 elementor-field-required\">\n\t\t\t\t\t\t\t\t\t\t\t\t<label for=\"form-field-email\" class=\"elementor-field-label elementor-screen-only\">\n\t\t\t\t\t\t\t\tCourriel\t\t\t\t\t\t\t<\/label>\n\t\t\t\t\t\t\t\t\t\t\t\t\t\t<input size=\"1\" type=\"email\" name=\"form_fields[email]\" id=\"form-field-email\" class=\"elementor-field elementor-size-sm  elementor-field-textual\" placeholder=\"Courriel\" required=\"required\" aria-required=\"true\">\n\t\t\t\t\t\t\t\t\t\t\t<\/div>\n\t\t\t\t\t\t\t\t<div class=\"elementor-field-group elementor-column elementor-field-type-submit elementor-col-30 e-form__buttons elementor-md-100\">\n\t\t\t\t\t<button class=\"elementor-button elementor-size-sm\" type=\"submit\">\n\t\t\t\t\t\t<span class=\"elementor-button-content-wrapper\">\n\t\t\t\t\t\t\t\t\t\t\t\t\t\t\t\t\t\t\t\t\t\t<span class=\"elementor-button-text\">S'inscrire<\/span>\n\t\t\t\t\t\t\t\t\t\t\t\t\t<\/span>\n\t\t\t\t\t<\/button>\n\t\t\t\t<\/div>\n\t\t\t<\/div>\n\t\t<\/form>\n\t\t\t\t<\/div>\n\t\t\t\t<\/div>\n\t\t\t\t\t<\/div>\n\t\t<\/div>\n\t\t\t\t\t<\/div>\n\t\t<\/section>\n\t\t\t\t<section class=\"elementor-section elementor-top-section elementor-element elementor-element-525bf093 elementor-section-boxed elementor-section-height-default elementor-section-height-default\" data-id=\"525bf093\" data-element_type=\"section\">\n\t\t\t\t\t\t<div class=\"elementor-container elementor-column-gap-default\">\n\t\t\t\t\t<div class=\"elementor-column elementor-col-100 elementor-top-column elementor-element elementor-element-36d6a3b3\" data-id=\"36d6a3b3\" data-element_type=\"column\">\n\t\t\t<div class=\"elementor-widget-wrap elementor-element-populated\">\n\t\t\t\t\t\t<div class=\"elementor-element elementor-element-65bd929d elementor-widget elementor-widget-heading\" data-id=\"65bd929d\" data-element_type=\"widget\" data-widget_type=\"heading.default\">\n\t\t\t\t<div class=\"elementor-widget-container\">\n\t\t\t<h2 class=\"elementor-heading-title elementor-size-default\">Explore par style<\/h2>\t\t<\/div>\n\t\t\t\t<\/div>\n\t\t\t\t<section class=\"elementor-section elementor-inner-section elementor-element elementor-element-468b6e09 elementor-section-boxed elementor-section-height-default elementor-section-height-default\" data-id=\"468b6e09\" data-element_type=\"section\">\n\t\t\t\t\t\t<div class=\"elementor-container elementor-column-gap-default\">\n\t\t\t\t\t<div class=\"elementor-column elementor-col-25 elementor-inner-column elementor-element elementor-element-fc2ae8b\" data-id=\"fc2ae8b\" data-element_type=\"column\">\n\t\t\t<div class=\"elementor-widget-wrap elementor-element-populated\">\n\t\t\t\t\t\t<div class=\"elementor-element elementor-element-e1c0f7 elementor-widget elementor-widget-image\" data-id=\"e1c0f7\" data-element_type=\"widget\" data-widget_type=\"image.default\">\n\t\t\t\t<div class=\"elementor-widget-container\">\n\t\t\t\t\t\t\t\t\t\t\t\t\t\t<a href=\"https:\/\/wholesale.whelkgoods.com\/fr\/produit\/casquette-de-papa\/\">\n\t\t\t\t\t\t\t<img decoding=\"async\" width=\"300\" height=\"300\" src=\"https:\/\/wholesale.whelkgoods.com\/wp-content\/uploads\/2024\/04\/Atlantic-Puffin-Cap-300x300.jpg\" class=\"attachment-medium size-medium wp-image-15806\" alt=\"\" srcset=\"https:\/\/wholesale.whelkgoods.com\/wp-content\/uploads\/2024\/04\/Atlantic-Puffin-Cap-300x300.jpg 300w, https:\/\/wholesale.whelkgoods.com\/wp-content\/uploads\/2024\/04\/Atlantic-Puffin-Cap-150x150.jpg 150w, https:\/\/wholesale.whelkgoods.com\/wp-content\/uploads\/2024\/04\/Atlantic-Puffin-Cap-768x768.jpg 768w, https:\/\/wholesale.whelkgoods.com\/wp-content\/uploads\/2024\/04\/Atlantic-Puffin-Cap-600x600.jpg 600w, https:\/\/wholesale.whelkgoods.com\/wp-content\/uploads\/2024\/04\/Atlantic-Puffin-Cap-100x100.jpg 100w, https:\/\/wholesale.whelkgoods.com\/wp-content\/uploads\/2024\/04\/Atlantic-Puffin-Cap.jpg 1000w\" sizes=\"(max-width: 300px) 100vw, 300px\" \/>\t\t\t\t\t\t\t\t<\/a>\n\t\t\t\t\t\t\t\t\t\t\t\t\t<\/div>\n\t\t\t\t<\/div>\n\t\t\t\t<div class=\"elementor-element elementor-element-5e3aaab elementor-widget elementor-widget-heading\" data-id=\"5e3aaab\" data-element_type=\"widget\" data-widget_type=\"heading.default\">\n\t\t\t\t<div class=\"elementor-widget-container\">\n\t\t\t<h6 class=\"elementor-heading-title elementor-size-default\"><a href=\"https:\/\/wholesale.whelkgoods.com\/fr\/produit\/casquette-de-papa\/\">Casquette papa<\/a><\/h6>\t\t<\/div>\n\t\t\t\t<\/div>\n\t\t\t\t\t<\/div>\n\t\t<\/div>\n\t\t\t\t<div class=\"elementor-column elementor-col-25 elementor-inner-column elementor-element elementor-element-ec74914\" data-id=\"ec74914\" data-element_type=\"column\">\n\t\t\t<div class=\"elementor-widget-wrap elementor-element-populated\">\n\t\t\t\t\t\t<div class=\"elementor-element elementor-element-5cc7caf0 elementor-widget elementor-widget-image\" data-id=\"5cc7caf0\" data-element_type=\"widget\" data-widget_type=\"image.default\">\n\t\t\t\t<div class=\"elementor-widget-container\">\n\t\t\t\t\t\t\t\t\t\t\t\t\t\t<a href=\"https:\/\/wholesale.whelkgoods.com\/product\/performance-cap\/\">\n\t\t\t\t\t\t\t<img decoding=\"async\" width=\"300\" height=\"300\" src=\"https:\/\/wholesale.whelkgoods.com\/wp-content\/uploads\/2024\/03\/PRFO-Sports-cap-300x300.jpg\" class=\"attachment-medium size-medium wp-image-16430\" alt=\"woman with a sports cap\" srcset=\"https:\/\/wholesale.whelkgoods.com\/wp-content\/uploads\/2024\/03\/PRFO-Sports-cap-300x300.jpg 300w, https:\/\/wholesale.whelkgoods.com\/wp-content\/uploads\/2024\/03\/PRFO-Sports-cap-150x150.jpg 150w, https:\/\/wholesale.whelkgoods.com\/wp-content\/uploads\/2024\/03\/PRFO-Sports-cap-768x768.jpg 768w, https:\/\/wholesale.whelkgoods.com\/wp-content\/uploads\/2024\/03\/PRFO-Sports-cap-600x600.jpg 600w, https:\/\/wholesale.whelkgoods.com\/wp-content\/uploads\/2024\/03\/PRFO-Sports-cap-100x100.jpg 100w, https:\/\/wholesale.whelkgoods.com\/wp-content\/uploads\/2024\/03\/PRFO-Sports-cap.jpg 1000w\" sizes=\"(max-width: 300px) 100vw, 300px\" \/>\t\t\t\t\t\t\t\t<\/a>\n\t\t\t\t\t\t\t\t\t\t\t\t\t<\/div>\n\t\t\t\t<\/div>\n\t\t\t\t<div class=\"elementor-element elementor-element-4e85e01c elementor-widget elementor-widget-heading\" data-id=\"4e85e01c\" data-element_type=\"widget\" data-widget_type=\"heading.default\">\n\t\t\t\t<div class=\"elementor-widget-container\">\n\t\t\t<h6 class=\"elementor-heading-title elementor-size-default\"><a href=\"https:\/\/wholesale.whelkgoods.com\/product\/performance-cap\/\">Casquette de sport<\/a><\/h6>\t\t<\/div>\n\t\t\t\t<\/div>\n\t\t\t\t\t<\/div>\n\t\t<\/div>\n\t\t\t\t<div class=\"elementor-column elementor-col-25 elementor-inner-column elementor-element elementor-element-4dbbf8b7\" data-id=\"4dbbf8b7\" data-element_type=\"column\">\n\t\t\t<div class=\"elementor-widget-wrap elementor-element-populated\">\n\t\t\t\t\t\t<div class=\"elementor-element elementor-element-47bb39e6 elementor-widget elementor-widget-image\" data-id=\"47bb39e6\" data-element_type=\"widget\" data-widget_type=\"image.default\">\n\t\t\t\t<div class=\"elementor-widget-container\">\n\t\t\t\t\t\t\t\t\t\t\t\t\t\t<a href=\"https:\/\/wholesale.whelkgoods.com\/fr\/produit\/casquette-camionneur\/\">\n\t\t\t\t\t\t\t<img loading=\"lazy\" decoding=\"async\" width=\"300\" height=\"300\" src=\"https:\/\/wholesale.whelkgoods.com\/wp-content\/uploads\/2024\/08\/Trucker-Hat-300x300.jpg\" class=\"attachment-medium size-medium wp-image-16642\" alt=\"\" srcset=\"https:\/\/wholesale.whelkgoods.com\/wp-content\/uploads\/2024\/08\/Trucker-Hat-300x300.jpg 300w, https:\/\/wholesale.whelkgoods.com\/wp-content\/uploads\/2024\/08\/Trucker-Hat-150x150.jpg 150w, https:\/\/wholesale.whelkgoods.com\/wp-content\/uploads\/2024\/08\/Trucker-Hat-768x768.jpg 768w, https:\/\/wholesale.whelkgoods.com\/wp-content\/uploads\/2024\/08\/Trucker-Hat-600x600.jpg 600w, https:\/\/wholesale.whelkgoods.com\/wp-content\/uploads\/2024\/08\/Trucker-Hat-100x100.jpg 100w, https:\/\/wholesale.whelkgoods.com\/wp-content\/uploads\/2024\/08\/Trucker-Hat.jpg 1000w\" sizes=\"(max-width: 300px) 100vw, 300px\" \/>\t\t\t\t\t\t\t\t<\/a>\n\t\t\t\t\t\t\t\t\t\t\t\t\t<\/div>\n\t\t\t\t<\/div>\n\t\t\t\t<div class=\"elementor-element elementor-element-18766bac elementor-widget elementor-widget-heading\" data-id=\"18766bac\" data-element_type=\"widget\" data-widget_type=\"heading.default\">\n\t\t\t\t<div class=\"elementor-widget-container\">\n\t\t\t<h6 class=\"elementor-heading-title elementor-size-default\"><a href=\"https:\/\/wholesale.whelkgoods.com\/fr\/produit\/casquette-camionneur\/\">Casquette camionneur<\/a><\/h6>\t\t<\/div>\n\t\t\t\t<\/div>\n\t\t\t\t\t<\/div>\n\t\t<\/div>\n\t\t\t\t<div class=\"elementor-column elementor-col-25 elementor-inner-column elementor-element elementor-element-d6c8891\" data-id=\"d6c8891\" data-element_type=\"column\">\n\t\t\t<div class=\"elementor-widget-wrap elementor-element-populated\">\n\t\t\t\t\t\t<div class=\"elementor-element elementor-element-26d091d0 elementor-widget elementor-widget-image\" data-id=\"26d091d0\" data-element_type=\"widget\" data-widget_type=\"image.default\">\n\t\t\t\t<div class=\"elementor-widget-container\">\n\t\t\t\t\t\t\t\t\t\t\t\t\t\t<a href=\"https:\/\/wholesale.whelkgoods.com\/fr\/produit\/tuque-en-laine-merino\/\">\n\t\t\t\t\t\t\t<img loading=\"lazy\" decoding=\"async\" width=\"300\" height=\"300\" src=\"https:\/\/wholesale.whelkgoods.com\/wp-content\/uploads\/2020\/09\/CapTen-Black-Merino-Wool-Beanie-300x300.jpeg\" class=\"attachment-medium size-medium wp-image-11301\" alt=\"\" srcset=\"https:\/\/wholesale.whelkgoods.com\/wp-content\/uploads\/2020\/09\/CapTen-Black-Merino-Wool-Beanie-300x300.jpeg 300w, https:\/\/wholesale.whelkgoods.com\/wp-content\/uploads\/2020\/09\/CapTen-Black-Merino-Wool-Beanie-1024x1021.jpeg 1024w, https:\/\/wholesale.whelkgoods.com\/wp-content\/uploads\/2020\/09\/CapTen-Black-Merino-Wool-Beanie-150x150.jpeg 150w, https:\/\/wholesale.whelkgoods.com\/wp-content\/uploads\/2020\/09\/CapTen-Black-Merino-Wool-Beanie-768x766.jpeg 768w, https:\/\/wholesale.whelkgoods.com\/wp-content\/uploads\/2020\/09\/CapTen-Black-Merino-Wool-Beanie-600x599.jpeg 600w, https:\/\/wholesale.whelkgoods.com\/wp-content\/uploads\/2020\/09\/CapTen-Black-Merino-Wool-Beanie-100x100.jpeg 100w, https:\/\/wholesale.whelkgoods.com\/wp-content\/uploads\/2020\/09\/CapTen-Black-Merino-Wool-Beanie.jpeg 1200w\" sizes=\"(max-width: 300px) 100vw, 300px\" \/>\t\t\t\t\t\t\t\t<\/a>\n\t\t\t\t\t\t\t\t\t\t\t\t\t<\/div>\n\t\t\t\t<\/div>\n\t\t\t\t<div class=\"elementor-element elementor-element-2317bdc9 elementor-widget elementor-widget-heading\" data-id=\"2317bdc9\" data-element_type=\"widget\" data-widget_type=\"heading.default\">\n\t\t\t\t<div class=\"elementor-widget-container\">\n\t\t\t<h6 class=\"elementor-heading-title elementor-size-default\"><a href=\"https:\/\/wholesale.whelkgoods.com\/fr\/produit\/tuque-en-laine-merino\/\">Beanies<\/a><\/h6>\t\t<\/div>\n\t\t\t\t<\/div>\n\t\t\t\t\t<\/div>\n\t\t<\/div>\n\t\t\t\t\t<\/div>\n\t\t<\/section>\n\t\t\t\t\t<\/div>\n\t\t<\/div>\n\t\t\t\t\t<\/div>\n\t\t<\/section>\n\t\t\t\t<\/div>\n\t\t","protected":false},"excerpt":{"rendered":"<p>Le d\u00e9veloppement durableest plus qu&rsquo;un buzzword Nos casquettes se distinguent grace \u00e0 la visi\u00e8re Blutech &#8211; la premi\u00e8re visi\u00e8re durable et biod\u00e9gradable. D\u00e9couvrir nos mod\u00e8les Soyez \u00e0 l&rsquo;aff\u00fbt de nouveaux produits: Explore par style Casquette papa Casquette de sport Casquette camionneur Beanies<\/p>\n","protected":false},"author":12,"featured_media":0,"parent":0,"menu_order":0,"comment_status":"closed","ping_status":"closed","template":"elementor_header_footer","meta":{"footnotes":""},"class_list":["post-743","page","type-page","status-publish","hentry"],"_links":{"self":[{"href":"https:\/\/wholesale.whelkgoods.com\/fr\/wp-json\/wp\/v2\/pages\/743"}],"collection":[{"href":"https:\/\/wholesale.whelkgoods.com\/fr\/wp-json\/wp\/v2\/pages"}],"about":[{"href":"https:\/\/wholesale.whelkgoods.com\/fr\/wp-json\/wp\/v2\/types\/page"}],"author":[{"embeddable":true,"href":"https:\/\/wholesale.whelkgoods.com\/fr\/wp-json\/wp\/v2\/users\/12"}],"replies":[{"embeddable":true,"href":"https:\/\/wholesale.whelkgoods.com\/fr\/wp-json\/wp\/v2\/comments?post=743"}],"version-history":[{"count":379,"href":"https:\/\/wholesale.whelkgoods.com\/fr\/wp-json\/wp\/v2\/pages\/743\/revisions"}],"predecessor-version":[{"id":17268,"href":"https:\/\/wholesale.whelkgoods.com\/fr\/wp-json\/wp\/v2\/pages\/743\/revisions\/17268"}],"wp:attachment":[{"href":"https:\/\/wholesale.whelkgoods.com\/fr\/wp-json\/wp\/v2\/media?parent=743"}],"curies":[{"name":"wp","href":"https:\/\/api.w.org\/{rel}","templated":true}]}}