{"id":498,"date":"2019-06-30T12:15:25","date_gmt":"2019-06-30T16:15:25","guid":{"rendered":"https:\/\/wholesale.whelkgoods.com\/?page_id=498"},"modified":"2024-03-26T17:41:00","modified_gmt":"2024-03-26T21:41:00","slug":"politiques","status":"publish","type":"page","link":"https:\/\/wholesale.whelkgoods.com\/fr\/politiques\/","title":{"rendered":"Politiques"},"content":{"rendered":"\t\t<div data-elementor-type=\"wp-post\" data-elementor-id=\"498\" class=\"elementor elementor-498\" data-elementor-post-type=\"page\">\n\t\t\t\t\t\t<section class=\"elementor-section elementor-top-section elementor-element elementor-element-dbea9c9 elementor-section-boxed elementor-section-height-default elementor-section-height-default\" data-id=\"dbea9c9\" data-element_type=\"section\">\n\t\t\t\t\t\t<div class=\"elementor-container elementor-column-gap-default\">\n\t\t\t\t\t<div class=\"elementor-column elementor-col-100 elementor-top-column elementor-element elementor-element-f68f227\" data-id=\"f68f227\" data-element_type=\"column\">\n\t\t\t<div class=\"elementor-widget-wrap elementor-element-populated\">\n\t\t\t\t\t\t<div class=\"elementor-element elementor-element-ab351d0 elementor-widget elementor-widget-heading\" data-id=\"ab351d0\" data-element_type=\"widget\" data-widget_type=\"heading.default\">\n\t\t\t\t<div class=\"elementor-widget-container\">\n\t\t\t<h1 class=\"elementor-heading-title elementor-size-default\">Politique de confidentialit\u00e9<\/h1>\t\t<\/div>\n\t\t\t\t<\/div>\n\t\t\t\t<div class=\"elementor-element elementor-element-018662b elementor-widget elementor-widget-text-editor\" data-id=\"018662b\" data-element_type=\"widget\" data-widget_type=\"text-editor.default\">\n\t\t\t\t<div class=\"elementor-widget-container\">\n\t\t\t\t\t\t\t<p>Les Produits Whelk Inc. (\u00ab\u00a0nous\u00a0\u00bb, \u00ab\u00a0notre\u00a0\u00bb ou \u00ab\u00a0nos\u00a0\u00bb) exploite le site https:\/\/wholesale.whelkgoods.com\/ (le \u00a0\u00bb site \u00ab\u00a0). Cette page vous informe de nos politiques concernant la collecte, l&rsquo;utilisation et la divulgation des renseignements personnels que nous recevons des utilisateurs du site.<\/p><p>Nous utilisons vos informations personnelles uniquement pour fournir et am\u00e9liorer le site. En utilisant le site, vous acceptez la collecte et l&rsquo;utilisation des informations conform\u00e9ment \u00e0 la pr\u00e9sente politique.<\/p><p><strong>Collecte et utilisation des informations<\/strong><\/p><p>Lors de l&rsquo;utilisation de notre site, nous pouvons vous demander de nous fournir certaines informations personnellement identifiables qui peuvent \u00eatre utilis\u00e9es pour vous contacter ou vous identifier. Les informations personnellement identifiables peuvent inclure, sans s&rsquo;y limiter, votre nom (\u00ab\u00a0informations personnelles\u00a0\u00bb).<\/p><p><strong>Donn\u00e9es de registre<\/strong><\/p><p>Comme de nombreux op\u00e9rateurs de sites, nous recueillons des informations que votre navigateur envoie lorsque vous visitez notre site (\u00ab\u00a0donn\u00e9es de registre\u00a0\u00bb).<\/p><p>Ces donn\u00e9es de registre peuvent inclure des informations telles que l&rsquo;adresse de protocole Internet (\u00ab\u00a0IP\u00a0\u00bb) de votre ordinateur, le type de navigateur, la version du navigateur, les pages de notre site que vous visitez, l&rsquo;heure et la date de votre visite, le temps pass\u00e9 sur ces pages et d&rsquo;autres statistiques.<\/p><p>En outre, nous pouvons utiliser des services tiers, tels que Google Analytics, qui collectent, contr\u00f4lent et analysent ces donn\u00e9es de connexion.<\/p><p><strong>Cookies<\/strong><\/p><p>Les cookies sont des fichiers contenant une petite quantit\u00e9 de donn\u00e9es, qui peuvent inclure un identifiant unique anonyme. Les cookies sont envoy\u00e9s \u00e0 votre navigateur par un site web et stock\u00e9s sur le disque dur de votre ordinateur.<\/p><p>Comme de nombreux sites, nous utilisons des \u00ab\u00a0cookies\u00a0\u00bb pour collecter des informations. Vous pouvez demander \u00e0 votre navigateur de refuser tous les cookies ou de vous indiquer quand un cookie est envoy\u00e9. Toutefois, si vous n&rsquo;acceptez pas les cookies, il se peut que vous ne puissiez pas utiliser certaines parties de notre site.<\/p><p><strong>S\u00e9curit\u00e9<\/strong><\/p><p>La s\u00e9curit\u00e9 de vos informations personnelles est importante pour nous, mais n&rsquo;oubliez pas qu&rsquo;aucune m\u00e9thode de transmission sur Internet ou de stockage \u00e9lectronique n&rsquo;est s\u00e9curis\u00e9e \u00e0 100 %. Bien que nous nous efforcions d&rsquo;utiliser des moyens commercialement acceptables pour prot\u00e9ger vos informations personnelles, nous ne pouvons pas garantir leur s\u00e9curit\u00e9 absolue.<\/p><p><strong>Modifications de la pr\u00e9sente politique de confidentialit\u00e9<\/strong><\/p><p>La pr\u00e9sente politique de confidentialit\u00e9 entre en vigueur le 14 d\u00e9cembre 2021 et le restera, sauf en ce qui concerne les modifications futures de ses dispositions, qui entreront en vigueur imm\u00e9diatement apr\u00e8s leur publication sur cette page.<\/p><p>Nous nous r\u00e9servons le droit de mettre \u00e0 jour ou de modifier notre politique de confidentialit\u00e9 \u00e0 tout moment et nous vous conseillons de la consulter r\u00e9guli\u00e8rement. En continuant \u00e0 utiliser le service apr\u00e8s la publication de toute modification de la politique de confidentialit\u00e9 sur cette page, vous reconnaissez les modifications et acceptez de vous conformer et d&rsquo;\u00eatre li\u00e9 par la politique de confidentialit\u00e9 modifi\u00e9e.<\/p><p><strong>Nous joindre<\/strong><\/p><p>Si vous avez des questions concernant cette politique de confidentialit\u00e9, veuillez <a href=\"https:\/\/wholesale.whelkgoods.com\/fr\/nous-joindre\/\">nous joindre<\/a>.<\/p>\t\t\t\t\t\t<\/div>\n\t\t\t\t<\/div>\n\t\t\t\t\t<\/div>\n\t\t<\/div>\n\t\t\t\t\t<\/div>\n\t\t<\/section>\n\t\t\t\t<\/div>\n\t\t","protected":false},"excerpt":{"rendered":"<p>Politique de confidentialit\u00e9 Les Produits Whelk Inc. (\u00ab\u00a0nous\u00a0\u00bb, \u00ab\u00a0notre\u00a0\u00bb ou \u00ab\u00a0nos\u00a0\u00bb) exploite le site https:\/\/wholesale.whelkgoods.com\/ (le \u00a0\u00bb site \u00ab\u00a0). Cette page vous informe de nos politiques concernant la collecte, l&rsquo;utilisation et la divulgation des renseignements personnels que nous recevons des utilisateurs du site. Nous utilisons vos informations personnelles uniquement pour fournir et am\u00e9liorer le site. En utilisant le site, vous acceptez la collecte et l&rsquo;utilisation des informations conform\u00e9ment \u00e0 la pr\u00e9sente politique. Collecte et utilisation des informations Lors de l&rsquo;utilisation de notre site, nous pouvons vous demander de nous fournir certaines informations personnellement identifiables qui peuvent \u00eatre utilis\u00e9es pour vous&#8230;<\/p>\n","protected":false},"author":12,"featured_media":0,"parent":0,"menu_order":0,"comment_status":"closed","ping_status":"closed","template":"","meta":{"footnotes":""},"class_list":["post-498","page","type-page","status-publish","hentry"],"_links":{"self":[{"href":"https:\/\/wholesale.whelkgoods.com\/fr\/wp-json\/wp\/v2\/pages\/498"}],"collection":[{"href":"https:\/\/wholesale.whelkgoods.com\/fr\/wp-json\/wp\/v2\/pages"}],"about":[{"href":"https:\/\/wholesale.whelkgoods.com\/fr\/wp-json\/wp\/v2\/types\/page"}],"author":[{"embeddable":true,"href":"https:\/\/wholesale.whelkgoods.com\/fr\/wp-json\/wp\/v2\/users\/12"}],"replies":[{"embeddable":true,"href":"https:\/\/wholesale.whelkgoods.com\/fr\/wp-json\/wp\/v2\/comments?post=498"}],"version-history":[{"count":12,"href":"https:\/\/wholesale.whelkgoods.com\/fr\/wp-json\/wp\/v2\/pages\/498\/revisions"}],"predecessor-version":[{"id":15354,"href":"https:\/\/wholesale.whelkgoods.com\/fr\/wp-json\/wp\/v2\/pages\/498\/revisions\/15354"}],"wp:attachment":[{"href":"https:\/\/wholesale.whelkgoods.com\/fr\/wp-json\/wp\/v2\/media?parent=498"}],"curies":[{"name":"wp","href":"https:\/\/api.w.org\/{rel}","templated":true}]}}