{"id":15368,"date":"2024-03-26T18:27:48","date_gmt":"2024-03-26T22:27:48","guid":{"rendered":"https:\/\/wholesale.whelkgoods.com\/lifetime-warranty-copy\/"},"modified":"2024-07-16T12:11:05","modified_gmt":"2024-07-16T16:11:05","slug":"garantie-a-vie","status":"publish","type":"page","link":"https:\/\/wholesale.whelkgoods.com\/fr\/garantie-a-vie\/","title":{"rendered":"Garantie \u00e0 vie"},"content":{"rendered":"\t\t<div data-elementor-type=\"wp-page\" data-elementor-id=\"15368\" class=\"elementor elementor-15368 elementor-15355\" data-elementor-post-type=\"page\">\n\t\t\t\t\t\t<section class=\"elementor-section elementor-top-section elementor-element elementor-element-9d2a269 elementor-section-boxed elementor-section-height-default elementor-section-height-default\" data-id=\"9d2a269\" data-element_type=\"section\">\n\t\t\t\t\t\t<div class=\"elementor-container elementor-column-gap-default\">\n\t\t\t\t\t<div class=\"elementor-column elementor-col-100 elementor-top-column elementor-element elementor-element-a778e3e\" data-id=\"a778e3e\" data-element_type=\"column\">\n\t\t\t<div class=\"elementor-widget-wrap elementor-element-populated\">\n\t\t\t\t\t\t<div class=\"elementor-element elementor-element-d5bd449 elementor-widget elementor-widget-heading\" data-id=\"d5bd449\" data-element_type=\"widget\" data-widget_type=\"heading.default\">\n\t\t\t\t<div class=\"elementor-widget-container\">\n\t\t\t<h1 class=\"elementor-heading-title elementor-size-default\">Garantie C'est la vie<\/h1>\t\t<\/div>\n\t\t\t\t<\/div>\n\t\t\t\t\t<\/div>\n\t\t<\/div>\n\t\t\t\t\t<\/div>\n\t\t<\/section>\n\t\t\t\t<section class=\"elementor-section elementor-top-section elementor-element elementor-element-0e76012 elementor-section-boxed elementor-section-height-default elementor-section-height-default\" data-id=\"0e76012\" data-element_type=\"section\">\n\t\t\t\t\t\t<div class=\"elementor-container elementor-column-gap-default\">\n\t\t\t\t\t<div class=\"elementor-column elementor-col-100 elementor-top-column elementor-element elementor-element-839346f\" data-id=\"839346f\" data-element_type=\"column\">\n\t\t\t<div class=\"elementor-widget-wrap elementor-element-populated\">\n\t\t\t\t\t\t<div class=\"elementor-element elementor-element-f5a3568 elementor-widget elementor-widget-text-editor\" data-id=\"f5a3568\" data-element_type=\"widget\" data-widget_type=\"text-editor.default\">\n\t\t\t\t<div class=\"elementor-widget-container\">\n\t\t\t\t\t\t\t<strong>Notre garantie <em>C\u2019est la vie<\/em> couvre les d\u00e9fauts de mat\u00e9riaux et de fabrication pendant toute la dur\u00e9e de vie de nos produits dans le cadre d\u2019une utilisation normale. Si un probl\u00e8me survient, vous pouvez compter sur nous pour le r\u00e9parer ou le remplacer.<\/strong>\r\n<br>\r\n<br>\r\nPour votre information, notre notion \u201cd\u2019utilisation normale\u201d n\u2019inclut pas les accidents, la n\u00e9gligence ou l\u2019usure habituelle. Mais la vie est pleine de surprises, n\u2019est-ce pas ? Si votre produit a besoin de soins suppl\u00e9mentaires en raison d\u2019aventures inattendues, nous nous engageons \u00e0 rembourser la moiti\u00e9 des frais de r\u00e9paration.\r\n<br>\r\n<br>\r\nPourquoi faire ainsi ? Parce que nous tenons \u00e0 fabriquer des produits durables afin de minimiser notre empreinte sur la plan\u00e8te. Alors, si une r\u00e9paration peut prolonger significativement la dur\u00e9e de vie de votre produit, r\u00e9parons-le !\t\t\t\t\t\t<\/div>\n\t\t\t\t<\/div>\n\t\t\t\t\t<\/div>\n\t\t<\/div>\n\t\t\t\t\t<\/div>\n\t\t<\/section>\n\t\t\t\t<\/div>\n\t\t","protected":false},"excerpt":{"rendered":"<p>Garantie C&rsquo;est la vie<\/p>\n","protected":false},"author":12,"featured_media":0,"parent":0,"menu_order":0,"comment_status":"closed","ping_status":"closed","template":"","meta":{"footnotes":""},"class_list":["post-15368","page","type-page","status-publish","hentry"],"_links":{"self":[{"href":"https:\/\/wholesale.whelkgoods.com\/fr\/wp-json\/wp\/v2\/pages\/15368"}],"collection":[{"href":"https:\/\/wholesale.whelkgoods.com\/fr\/wp-json\/wp\/v2\/pages"}],"about":[{"href":"https:\/\/wholesale.whelkgoods.com\/fr\/wp-json\/wp\/v2\/types\/page"}],"author":[{"embeddable":true,"href":"https:\/\/wholesale.whelkgoods.com\/fr\/wp-json\/wp\/v2\/users\/12"}],"replies":[{"embeddable":true,"href":"https:\/\/wholesale.whelkgoods.com\/fr\/wp-json\/wp\/v2\/comments?post=15368"}],"version-history":[{"count":10,"href":"https:\/\/wholesale.whelkgoods.com\/fr\/wp-json\/wp\/v2\/pages\/15368\/revisions"}],"predecessor-version":[{"id":15427,"href":"https:\/\/wholesale.whelkgoods.com\/fr\/wp-json\/wp\/v2\/pages\/15368\/revisions\/15427"}],"wp:attachment":[{"href":"https:\/\/wholesale.whelkgoods.com\/fr\/wp-json\/wp\/v2\/media?parent=15368"}],"curies":[{"name":"wp","href":"https:\/\/api.w.org\/{rel}","templated":true}]}}