{"id":13147,"date":"2022-11-23T14:43:28","date_gmt":"2022-11-23T19:43:28","guid":{"rendered":"https:\/\/wholesale.whelkgoods.com\/?page_id=13147"},"modified":"2024-07-16T12:05:24","modified_gmt":"2024-07-16T16:05:24","slug":"vendredi-fou","status":"publish","type":"page","link":"https:\/\/wholesale.whelkgoods.com\/fr\/vendredi-fou\/","title":{"rendered":"Boycotter le Vendredi Fou"},"content":{"rendered":"\t\t<div data-elementor-type=\"wp-page\" data-elementor-id=\"13147\" class=\"elementor elementor-13147 elementor-13126\" data-elementor-post-type=\"page\">\n\t\t\t\t\t\t<section class=\"elementor-section elementor-top-section elementor-element elementor-element-413fdab3 elementor-section-boxed elementor-section-height-default elementor-section-height-default\" data-id=\"413fdab3\" data-element_type=\"section\">\n\t\t\t\t\t\t<div class=\"elementor-container elementor-column-gap-default\">\n\t\t\t\t\t<div class=\"elementor-column elementor-col-50 elementor-top-column elementor-element elementor-element-39856488\" data-id=\"39856488\" data-element_type=\"column\">\n\t\t\t<div class=\"elementor-widget-wrap elementor-element-populated\">\n\t\t\t\t\t\t<div class=\"elementor-element elementor-element-9d97aa5 elementor-widget elementor-widget-heading\" data-id=\"9d97aa5\" data-element_type=\"widget\" data-widget_type=\"heading.default\">\n\t\t\t\t<div class=\"elementor-widget-container\">\n\t\t\t<h1 class=\"elementor-heading-title elementor-size-default\">F*ck le Vendredi Fou<\/h1>\t\t<\/div>\n\t\t\t\t<\/div>\n\t\t\t\t<div class=\"elementor-element elementor-element-1f4a989d elementor-widget elementor-widget-text-editor\" data-id=\"1f4a989d\" data-element_type=\"widget\" data-widget_type=\"text-editor.default\">\n\t\t\t\t<div class=\"elementor-widget-container\">\n\t\t\t\t\t\t\t<p>Chaque ann\u00e9e, les marques de fast-fashion \u00e9laborent des plans marketing audacieux pour vous inciter \u00e0 d\u00e9penser sans compter, au d\u00e9triment de la plan\u00e8te. Que ce soit en copiant des mod\u00e8les d\u00e9j\u00e0 sur le march\u00e9 ou en utilisant des mat\u00e9riaux de mauvaise qualit\u00e9, rien n&#8217;emp\u00eachera les entreprises de s&rsquo;enrichir rapidement.<\/p>\t\t\t\t\t\t<\/div>\n\t\t\t\t<\/div>\n\t\t\t\t<div class=\"elementor-element elementor-element-18111da elementor-hidden-tablet elementor-hidden-mobile elementor-widget elementor-widget-text-editor\" data-id=\"18111da\" data-element_type=\"widget\" data-widget_type=\"text-editor.default\">\n\t\t\t\t<div class=\"elementor-widget-container\">\n\t\t\t\t\t\t\t<p>Nous avons pris la d\u00e9cision de ne pas simplement en parler, mais bien d&rsquo;agir. Alors comme l&rsquo;expression le dit si bien, les bottines doivent suivre les babines, c&rsquo;est donc ce que nous allons faire en visant z\u00e9ro vente le jour le plus occup\u00e9 de l&rsquo;ann\u00e9e. Pour atteindre cet objectif, nous allons d\u00e9sactiver la fonction d&rsquo;achat sur notre site pour l&rsquo;enti\u00e8ret\u00e9 de cette journ\u00e9e. Faire le contraire de ce que font les autres marques est notre fa\u00e7on de prendre position contre cet \u00e9v\u00e9nement commercial de surconsommation. Nous ne sommes pas les premiers \u00e0 nous prononcer contre le Vendredi Fou, et nous esp\u00e9rons ne pas \u00eatre les derniers. Nous faisons simplement ce que nous pensons \u00eatre juste pour les travailleurs de l&rsquo;industrie, nos oc\u00e9ans et la plan\u00e8te.<\/p>\t\t\t\t\t\t<\/div>\n\t\t\t\t<\/div>\n\t\t\t\t<div class=\"elementor-element elementor-element-e0b40ad elementor-align-center elementor-hidden-tablet elementor-hidden-mobile elementor-widget elementor-widget-button\" data-id=\"e0b40ad\" data-element_type=\"widget\" data-widget_type=\"button.default\">\n\t\t\t\t<div class=\"elementor-widget-container\">\n\t\t\t\t\t<div class=\"elementor-button-wrapper\">\n\t\t\t<a class=\"elementor-button elementor-button-link elementor-size-sm\" href=\"https:\/\/wholesale.whelkgoods.com\/fr\/dites-adieu-a-lecoblanchiment\/\">\n\t\t\t\t\t\t<span class=\"elementor-button-content-wrapper\">\n\t\t\t\t\t\t\t\t\t<span class=\"elementor-button-text\">Nos petits gestes pour Dame Nature<\/span>\n\t\t\t\t\t<\/span>\n\t\t\t\t\t<\/a>\n\t\t<\/div>\n\t\t\t\t<\/div>\n\t\t\t\t<\/div>\n\t\t\t\t\t<\/div>\n\t\t<\/div>\n\t\t\t\t<div class=\"elementor-column elementor-col-50 elementor-top-column elementor-element elementor-element-40b5d38\" data-id=\"40b5d38\" data-element_type=\"column\">\n\t\t\t<div class=\"elementor-widget-wrap elementor-element-populated\">\n\t\t\t\t\t\t<div class=\"elementor-element elementor-element-80a7a1c elementor-widget elementor-widget-image\" data-id=\"80a7a1c\" data-element_type=\"widget\" data-widget_type=\"image.default\">\n\t\t\t\t<div class=\"elementor-widget-container\">\n\t\t\t\t\t\t\t\t\t\t\t\t\t<img fetchpriority=\"high\" decoding=\"async\" width=\"2340\" height=\"2560\" src=\"https:\/\/wholesale.whelkgoods.com\/wp-content\/uploads\/2023\/11\/Climate-Change-Protest-scaled.jpg\" class=\"attachment-full size-full wp-image-14725\" alt=\"\" srcset=\"https:\/\/wholesale.whelkgoods.com\/wp-content\/uploads\/2023\/11\/Climate-Change-Protest-scaled.jpg 2340w, https:\/\/wholesale.whelkgoods.com\/wp-content\/uploads\/2023\/11\/Climate-Change-Protest-274x300.jpg 274w, https:\/\/wholesale.whelkgoods.com\/wp-content\/uploads\/2023\/11\/Climate-Change-Protest-936x1024.jpg 936w, https:\/\/wholesale.whelkgoods.com\/wp-content\/uploads\/2023\/11\/Climate-Change-Protest-768x840.jpg 768w, https:\/\/wholesale.whelkgoods.com\/wp-content\/uploads\/2023\/11\/Climate-Change-Protest-1404x1536.jpg 1404w, https:\/\/wholesale.whelkgoods.com\/wp-content\/uploads\/2023\/11\/Climate-Change-Protest-1872x2048.jpg 1872w, https:\/\/wholesale.whelkgoods.com\/wp-content\/uploads\/2023\/11\/Climate-Change-Protest-600x657.jpg 600w\" sizes=\"(max-width: 2340px) 100vw, 2340px\" \/>\t\t\t\t\t\t\t\t\t\t\t\t\t<\/div>\n\t\t\t\t<\/div>\n\t\t\t\t\t<\/div>\n\t\t<\/div>\n\t\t\t\t\t<\/div>\n\t\t<\/section>\n\t\t\t\t<section class=\"elementor-section elementor-top-section elementor-element elementor-element-ea02b5d elementor-hidden-desktop elementor-section-boxed elementor-section-height-default elementor-section-height-default\" data-id=\"ea02b5d\" data-element_type=\"section\">\n\t\t\t\t\t\t<div class=\"elementor-container elementor-column-gap-default\">\n\t\t\t\t\t<div class=\"elementor-column elementor-col-100 elementor-top-column elementor-element elementor-element-42d1005\" data-id=\"42d1005\" data-element_type=\"column\">\n\t\t\t<div class=\"elementor-widget-wrap elementor-element-populated\">\n\t\t\t\t\t\t<div class=\"elementor-element elementor-element-5128f5e elementor-widget elementor-widget-text-editor\" data-id=\"5128f5e\" data-element_type=\"widget\" data-widget_type=\"text-editor.default\">\n\t\t\t\t<div class=\"elementor-widget-container\">\n\t\t\t\t\t\t\t<p>Nous avons pris la d\u00e9cision de ne pas simplement en parler, mais bien d&rsquo;agir. Alors comme l&rsquo;expression le dit si bien, les bottines doivent suivre les babines, c&rsquo;est donc ce que nous allons faire en visant z\u00e9ro vente le jour le plus occup\u00e9 de l&rsquo;ann\u00e9e. Pour atteindre cet objectif, nous allons d\u00e9sactiver la fonction d&rsquo;achat sur notre site pour l&rsquo;enti\u00e8ret\u00e9 de cette journ\u00e9e. Faire le contraire de ce que font les autres marques est notre fa\u00e7on de prendre position contre cet \u00e9v\u00e9nement commercial de surconsommation. Nous ne sommes pas les premiers \u00e0 nous prononcer contre le Vendredi Fou, et nous esp\u00e9rons ne pas \u00eatre les derniers. Nous faisons simplement ce que nous pensons \u00eatre juste pour les travailleurs de l&rsquo;industrie, nos oc\u00e9ans et la plan\u00e8te.<\/p>\t\t\t\t\t\t<\/div>\n\t\t\t\t<\/div>\n\t\t\t\t<div class=\"elementor-element elementor-element-28442fc elementor-align-center elementor-widget elementor-widget-button\" data-id=\"28442fc\" data-element_type=\"widget\" data-widget_type=\"button.default\">\n\t\t\t\t<div class=\"elementor-widget-container\">\n\t\t\t\t\t<div class=\"elementor-button-wrapper\">\n\t\t\t<a class=\"elementor-button elementor-button-link elementor-size-sm\" href=\"https:\/\/wholesale.whelkgoods.com\/fr\/dites-adieu-a-lecoblanchiment\/\">\n\t\t\t\t\t\t<span class=\"elementor-button-content-wrapper\">\n\t\t\t\t\t\t\t\t\t<span class=\"elementor-button-text\">Nos petits gestes pour Dame Nature<\/span>\n\t\t\t\t\t<\/span>\n\t\t\t\t\t<\/a>\n\t\t<\/div>\n\t\t\t\t<\/div>\n\t\t\t\t<\/div>\n\t\t\t\t\t<\/div>\n\t\t<\/div>\n\t\t\t\t\t<\/div>\n\t\t<\/section>\n\t\t\t\t<\/div>\n\t\t","protected":false},"excerpt":{"rendered":"<p>F*ck le Vendredi Fou Chaque ann\u00e9e, les marques de fast-fashion \u00e9laborent des plans marketing audacieux pour vous inciter \u00e0 d\u00e9penser sans compter, au d\u00e9triment de la plan\u00e8te. Que ce soit en copiant des mod\u00e8les d\u00e9j\u00e0 sur le march\u00e9 ou en utilisant des mat\u00e9riaux de mauvaise qualit\u00e9, rien n&#8217;emp\u00eachera les entreprises de s&rsquo;enrichir rapidement. Nous avons pris la d\u00e9cision de ne pas simplement en parler, mais bien d&rsquo;agir. Alors comme l&rsquo;expression le dit si bien, les bottines doivent suivre les babines, c&rsquo;est donc ce que nous allons faire en visant z\u00e9ro vente le jour le plus occup\u00e9 de l&rsquo;ann\u00e9e. Pour atteindre&#8230;<\/p>\n","protected":false},"author":12,"featured_media":0,"parent":0,"menu_order":0,"comment_status":"closed","ping_status":"closed","template":"","meta":{"footnotes":""},"class_list":["post-13147","page","type-page","status-publish","hentry"],"_links":{"self":[{"href":"https:\/\/wholesale.whelkgoods.com\/fr\/wp-json\/wp\/v2\/pages\/13147"}],"collection":[{"href":"https:\/\/wholesale.whelkgoods.com\/fr\/wp-json\/wp\/v2\/pages"}],"about":[{"href":"https:\/\/wholesale.whelkgoods.com\/fr\/wp-json\/wp\/v2\/types\/page"}],"author":[{"embeddable":true,"href":"https:\/\/wholesale.whelkgoods.com\/fr\/wp-json\/wp\/v2\/users\/12"}],"replies":[{"embeddable":true,"href":"https:\/\/wholesale.whelkgoods.com\/fr\/wp-json\/wp\/v2\/comments?post=13147"}],"version-history":[{"count":17,"href":"https:\/\/wholesale.whelkgoods.com\/fr\/wp-json\/wp\/v2\/pages\/13147\/revisions"}],"predecessor-version":[{"id":16503,"href":"https:\/\/wholesale.whelkgoods.com\/fr\/wp-json\/wp\/v2\/pages\/13147\/revisions\/16503"}],"wp:attachment":[{"href":"https:\/\/wholesale.whelkgoods.com\/fr\/wp-json\/wp\/v2\/media?parent=13147"}],"curies":[{"name":"wp","href":"https:\/\/api.w.org\/{rel}","templated":true}]}}